{"id":357,"date":"2015-11-17T15:23:05","date_gmt":"2015-11-17T14:23:05","guid":{"rendered":"http:\/\/agnieszkaperlicka.com\/wp\/?page_id=357"},"modified":"2015-11-17T22:13:37","modified_gmt":"2015-11-17T21:13:37","slug":"czytelnia","status":"publish","type":"page","link":"https:\/\/agnieszkaperlicka.com\/wp\/czytelnia\/","title":{"rendered":"Czytelnia"},"content":{"rendered":"<h1><span style=\"font-family: arial,helvetica,sans-serif; font-size: 10pt; color: #999999;\">Czytelnia \u2013 czyli polecane przez mnie magazyny, ksi\u0105\u017cki, blogi<\/span><\/h1>\n<p><span style=\"font-family: arial,helvetica,sans-serif; font-size: 10pt; color: #999999;\">Magazyny, kt\u00f3re warto czyta\u0107:<\/span><\/p>\n<p><a href=\"https:\/\/lp.dknotus.pl\/widget\/cash_11_2015\/index.html\" target=\"_blank\"><img loading=\"lazy\" class=\"aligncenter size-medium wp-image-359\" src=\"https:\/\/agnieszkaperlicka.com\/wp\/wp-content\/uploads\/2015\/11\/cash_notusdoradcy-fainansowi-300x188.jpg\" alt=\"CASH_NotusDoradcy Fainansowi\" width=\"300\" height=\"188\" srcset=\"https:\/\/agnieszkaperlicka.com\/wp\/wp-content\/uploads\/2015\/11\/cash_notusdoradcy-fainansowi-300x188.jpg 300w, https:\/\/agnieszkaperlicka.com\/wp\/wp-content\/uploads\/2015\/11\/cash_notusdoradcy-fainansowi.jpg 400w\" sizes=\"(max-width: 300px) 100vw, 300px\" \/><\/a><\/p>\n<p>&nbsp;<\/p>\n<p>&nbsp;<\/p>\n","protected":false},"excerpt":{"rendered":"<p>Czytelnia \u2013 czyli polecane przez mnie magazyny, ksi\u0105\u017cki, blogi Magazyny, kt\u00f3re warto czyta\u0107: &nbsp; &nbsp;<\/p>\n","protected":false},"author":1,"featured_media":0,"parent":0,"menu_order":0,"comment_status":"closed","ping_status":"closed","template":"","meta":[],"aioseo_notices":[],"_links":{"self":[{"href":"https:\/\/agnieszkaperlicka.com\/wp\/wp-json\/wp\/v2\/pages\/357"}],"collection":[{"href":"https:\/\/agnieszkaperlicka.com\/wp\/wp-json\/wp\/v2\/pages"}],"about":[{"href":"https:\/\/agnieszkaperlicka.com\/wp\/wp-json\/wp\/v2\/types\/page"}],"author":[{"embeddable":true,"href":"https:\/\/agnieszkaperlicka.com\/wp\/wp-json\/wp\/v2\/users\/1"}],"replies":[{"embeddable":true,"href":"https:\/\/agnieszkaperlicka.com\/wp\/wp-json\/wp\/v2\/comments?post=357"}],"version-history":[{"count":8,"href":"https:\/\/agnieszkaperlicka.com\/wp\/wp-json\/wp\/v2\/pages\/357\/revisions"}],"predecessor-version":[{"id":371,"href":"https:\/\/agnieszkaperlicka.com\/wp\/wp-json\/wp\/v2\/pages\/357\/revisions\/371"}],"wp:attachment":[{"href":"https:\/\/agnieszkaperlicka.com\/wp\/wp-json\/wp\/v2\/media?parent=357"}],"curies":[{"name":"wp","href":"https:\/\/api.w.org\/{rel}","templated":true}]}}